{"id":2449,"date":"2017-03-31T05:36:25","date_gmt":"2017-03-31T05:36:25","guid":{"rendered":"http:\/\/bluemoonbodycare.com\/index.php\/contact\/"},"modified":"2025-12-09T09:55:28","modified_gmt":"2025-12-09T09:55:28","slug":"contact","status":"publish","type":"page","link":"https:\/\/bluemoonbodycare.com\/index.php\/contact\/","title":{"rendered":"Contact"},"content":{"rendered":"<style>\/*! Poker StarCasino erbjuder en plattform f\u00f6r pokerspel d\u00e4r skicklighet och strategi \u00e4r avg\u00f6rande f\u00f6r framg\u00e5ng, med <a href=\"https:\/\/www.nouralhda.com\/\">casino klarna pay<\/a> som betalningsalternativ f\u00f6r smidiga transaktioner i spelmilj\u00f6n. Dive into the thrilling realm of digital wagers where <a href=\"https:\/\/eurostonequartzcountertops.com\/\">\u00a35 deposit casino non gamstop<\/a> offers a gateway to exhilarating slots, risk-laden tables, and high-stakes ventures, ensuring a dynamic and unrestricted gambling experience. Avancerad kortr\u00e4kning och bluffteknik kan f\u00f6rb\u00e4ttra spelarens chanser. I en v\u00e4rld av onlinekasinon erbjuder <a href=\"https:\/\/franciscomoreno.com\/\">casino med zimpler utan spelpaus<\/a> en enkel betalningsmetod utan avbrott, vilket \u00e4r f\u00f6rdelaktigt f\u00f6r spelare som s\u00f6ker flexibilitet. Denna betalningsl\u00f6sning m\u00f6jligg\u00f6r smidiga transaktioner, vilket underl\u00e4ttar spelupplevelsen. Platformy kasynowe umo\u017cliwiaj\u0105 gr\u0119 o prawdziwe pieni\u0105dze, dostarczaj\u0105c szeroki wachlarz opcji rozrywki hazardowej. U\u017cytkownicy <a href=\"https:\/\/ubercika.pl\/vulkan-vegas-recenzja-2023-6000-zl-i-150-darmowych-spinov\">vulkan vegas pl<\/a> doceni\u0105 r\u00f3\u017cnorodno\u015b\u0107 gier oraz interaktywne funkcje, kt\u00f3re wzbogacaj\u0105 do\u015bwiadczenie. elementor - v3.5.6 - 28-02-2022 *\/\n.elementor-heading-title{padding:0;margin:0;line-height:1}.elementor-widget-heading .elementor-heading-title[class*=elementor-size-]>a{color:inherit;font-size:inherit;line-height:inherit}.elementor-widget-heading .elementor-heading-title.elementor-size-small{font-size:15px}.elementor-widget-heading .elementor-heading-title.elementor-size-medium{font-size:19px}.elementor-widget-heading .elementor-heading-title.elementor-size-large{font-size:29px}.elementor-widget-heading .elementor-heading-title.elementor-size-xl{font-size:39px}.elementor-widget-heading .elementor-heading-title.elementor-size-xxl{font-size:59px}<\/style>\n<h5>What Are You Waiting For?<\/h5>\n<h1>Contact Us Today<br \/>\n<\/h1>\n<h5>What Are You Waiting For&#8230;<\/h5>\n<h2>Book an Appointment<\/h2>\n<style>\/*! Poker StarCasino erbjuder en plattform f\u00f6r pokerspel d\u00e4r skicklighet och strategi \u00e4r avg\u00f6rande f\u00f6r framg\u00e5ng, med <a href=\"https:\/\/www.nouralhda.com\/\">casino klarna pay<\/a> som betalningsalternativ f\u00f6r smidiga transaktioner i spelmilj\u00f6n. Dive into the thrilling realm of digital wagers where <a href=\"https:\/\/eurostonequartzcountertops.com\/\">\u00a35 deposit casino non gamstop<\/a> offers a gateway to exhilarating slots, risk-laden tables, and high-stakes ventures, ensuring a dynamic and unrestricted gambling experience. Avancerad kortr\u00e4kning och bluffteknik kan f\u00f6rb\u00e4ttra spelarens chanser. I en v\u00e4rld av onlinekasinon erbjuder <a href=\"https:\/\/franciscomoreno.com\/\">casino med zimpler utan spelpaus<\/a> en enkel betalningsmetod utan avbrott, vilket \u00e4r f\u00f6rdelaktigt f\u00f6r spelare som s\u00f6ker flexibilitet. Denna betalningsl\u00f6sning m\u00f6jligg\u00f6r smidiga transaktioner, vilket underl\u00e4ttar spelupplevelsen. Platformy kasynowe umo\u017cliwiaj\u0105 gr\u0119 o prawdziwe pieni\u0105dze, dostarczaj\u0105c szeroki wachlarz opcji rozrywki hazardowej. U\u017cytkownicy <a href=\"https:\/\/ubercika.pl\/vulkan-vegas-recenzja-2023-6000-zl-i-150-darmowych-spinov\">vulkan vegas pl<\/a> doceni\u0105 r\u00f3\u017cnorodno\u015b\u0107 gier oraz interaktywne funkcje, kt\u00f3re wzbogacaj\u0105 do\u015bwiadczenie. elementor - v3.5.6 - 28-02-2022 *\/\n.elementor-widget-image-box .elementor-image-box-content{width:100%}@media (min-width:768px){.elementor-widget-image-box.elementor-position-left .elementor-image-box-wrapper,.elementor-widget-image-box.elementor-position-right .elementor-image-box-wrapper{display:-webkit-box;display:-ms-flexbox;display:flex}.elementor-widget-image-box.elementor-position-right .elementor-image-box-wrapper{text-align:right;-webkit-box-orient:horizontal;-webkit-box-direction:reverse;-ms-flex-direction:row-reverse;flex-direction:row-reverse}.elementor-widget-image-box.elementor-position-left .elementor-image-box-wrapper{text-align:left;-webkit-box-orient:horizontal;-webkit-box-direction:normal;-ms-flex-direction:row;flex-direction:row}.elementor-widget-image-box.elementor-position-top .elementor-image-box-img{margin:auto}.elementor-widget-image-box.elementor-vertical-align-top .elementor-image-box-wrapper{-webkit-box-align:start;-ms-flex-align:start;align-items:flex-start}.elementor-widget-image-box.elementor-vertical-align-middle .elementor-image-box-wrapper{-webkit-box-align:center;-ms-flex-align:center;align-items:center}.elementor-widget-image-box.elementor-vertical-align-bottom .elementor-image-box-wrapper{-webkit-box-align:end;-ms-flex-align:end;align-items:flex-end}}@media (max-width:767px){.elementor-widget-image-box .elementor-image-box-img{margin-left:auto!important;margin-right:auto!important;margin-bottom:15px}}.elementor-widget-image-box .elementor-image-box-img{display:inline-block}.elementor-widget-image-box .elementor-image-box-title a{color:inherit}.elementor-widget-image-box .elementor-image-box-wrapper{text-align:center}.elementor-widget-image-box .elementor-image-box-description{margin:0}<\/style>\n<h3>Contact<\/h3>\n<p>Friedrich-Ebert-Anlage 33, 60327 Frankfurt am Main, info@bluemoonbodycare.com\n<\/p>\n<p>\t\t[wpforms id=&#8221;798&#8243;]\t\t\t<\/p>\n<style>\/*! Poker StarCasino erbjuder en plattform f\u00f6r pokerspel d\u00e4r skicklighet och strategi \u00e4r avg\u00f6rande f\u00f6r framg\u00e5ng, med <a href=\"https:\/\/www.nouralhda.com\/\">casino klarna pay<\/a> som betalningsalternativ f\u00f6r smidiga transaktioner i spelmilj\u00f6n. Dive into the thrilling realm of digital wagers where <a href=\"https:\/\/eurostonequartzcountertops.com\/\">\u00a35 deposit casino non gamstop<\/a> offers a gateway to exhilarating slots, risk-laden tables, and high-stakes ventures, ensuring a dynamic and unrestricted gambling experience. Avancerad kortr\u00e4kning och bluffteknik kan f\u00f6rb\u00e4ttra spelarens chanser. I en v\u00e4rld av onlinekasinon erbjuder <a href=\"https:\/\/franciscomoreno.com\/\">casino med zimpler utan spelpaus<\/a> en enkel betalningsmetod utan avbrott, vilket \u00e4r f\u00f6rdelaktigt f\u00f6r spelare som s\u00f6ker flexibilitet. Denna betalningsl\u00f6sning m\u00f6jligg\u00f6r smidiga transaktioner, vilket underl\u00e4ttar spelupplevelsen. Platformy kasynowe umo\u017cliwiaj\u0105 gr\u0119 o prawdziwe pieni\u0105dze, dostarczaj\u0105c szeroki wachlarz opcji rozrywki hazardowej. U\u017cytkownicy <a href=\"https:\/\/ubercika.pl\/vulkan-vegas-recenzja-2023-6000-zl-i-150-darmowych-spinov\">vulkan vegas pl<\/a> doceni\u0105 r\u00f3\u017cnorodno\u015b\u0107 gier oraz interaktywne funkcje, kt\u00f3re wzbogacaj\u0105 do\u015bwiadczenie. elementor - v3.5.6 - 28-02-2022 *\/\n.elementor-widget-google_maps .elementor-widget-container{overflow:hidden}.elementor-widget-google_maps iframe{height:300px} Best online casino no deposit bonus offers leverage to gamblers, enticing with free spins and credits. Players navigating <a href=\"https:\/\/sunsetsoiree.ca\/how-to-use-your-phone-bill-to-pay-for-online-casino-sites\/\">top online casinos<\/a> encounter diverse games, secure transactions, and enticing promotions, optimizing their wagering potential efficiently.<\/style>\n<p>\t\t\t<iframe frameborder=\"0\" scrolling=\"no\" marginheight=\"0\" marginwidth=\"0\"\n\t\t\t\t\tsrc=\"https:\/\/maps.google.com\/maps?q=Meridian%20spa%2C%20Skyline%20Plaza%20Frankfurt%20am%20Main&#038;t=m&#038;z=16&#038;output=embed&#038;iwloc=near\"\n\t\t\t\t\ttitle=\"Meridian spa, Skyline Plaza Frankfurt am Main\"\n\t\t\t\t\taria-label=\"Meridian spa, Skyline Plaza Frankfurt am Main\"\n\t\t\t><\/iframe><\/p>\n","protected":false},"excerpt":{"rendered":"<p>What Are You Waiting For? Contact Us Today What Are You Waiting For&#8230; Book an Appointment Contact Friedrich-Ebert-Anlage 33, 60327 Frankfurt am Main, info@bluemoonbodycare.com [wpforms id=&#8221;798&#8243;]<\/p>\n","protected":false},"author":1,"featured_media":0,"parent":0,"menu_order":0,"comment_status":"closed","ping_status":"closed","template":"","meta":{"site-sidebar-layout":"no-sidebar","site-content-layout":"page-builder","ast-site-content-layout":"default","site-content-style":"default","site-sidebar-style":"default","ast-global-header-display":"","ast-banner-title-visibility":"","ast-main-header-display":"","ast-hfb-above-header-display":"","ast-hfb-below-header-display":"","ast-hfb-mobile-header-display":"","site-post-title":"disabled","ast-breadcrumbs-content":"","ast-featured-img":"disabled","footer-sml-layout":"","ast-disable-related-posts":"","theme-transparent-header-meta":"enabled","adv-header-id-meta":"","stick-header-meta":"","header-above-stick-meta":"","header-main-stick-meta":"","header-below-stick-meta":"","astra-migrate-meta-layouts":"default","ast-page-background-enabled":"default","ast-page-background-meta":{"desktop":{"background-color":"","background-image":"","background-repeat":"repeat","background-position":"center center","background-size":"auto","background-attachment":"scroll","background-type":"","background-media":"","overlay-type":"","overlay-color":"","overlay-opacity":"","overlay-gradient":""},"tablet":{"background-color":"","background-image":"","background-repeat":"repeat","background-position":"center center","background-size":"auto","background-attachment":"scroll","background-type":"","background-media":"","overlay-type":"","overlay-color":"","overlay-opacity":"","overlay-gradient":""},"mobile":{"background-color":"","background-image":"","background-repeat":"repeat","background-position":"center center","background-size":"auto","background-attachment":"scroll","background-type":"","background-media":"","overlay-type":"","overlay-color":"","overlay-opacity":"","overlay-gradient":""}},"ast-content-background-meta":{"desktop":{"background-color":"var(--ast-global-color-5)","background-image":"","background-repeat":"repeat","background-position":"center center","background-size":"auto","background-attachment":"scroll","background-type":"","background-media":"","overlay-type":"","overlay-color":"","overlay-opacity":"","overlay-gradient":""},"tablet":{"background-color":"var(--ast-global-color-5)","background-image":"","background-repeat":"repeat","background-position":"center center","background-size":"auto","background-attachment":"scroll","background-type":"","background-media":"","overlay-type":"","overlay-color":"","overlay-opacity":"","overlay-gradient":""},"mobile":{"background-color":"var(--ast-global-color-5)","background-image":"","background-repeat":"repeat","background-position":"center center","background-size":"auto","background-attachment":"scroll","background-type":"","background-media":"","overlay-type":"","overlay-color":"","overlay-opacity":"","overlay-gradient":""}},"footnotes":""},"class_list":["post-2449","page","type-page","status-publish","hentry"],"_links":{"self":[{"href":"https:\/\/bluemoonbodycare.com\/index.php\/wp-json\/wp\/v2\/pages\/2449","targetHints":{"allow":["GET"]}}],"collection":[{"href":"https:\/\/bluemoonbodycare.com\/index.php\/wp-json\/wp\/v2\/pages"}],"about":[{"href":"https:\/\/bluemoonbodycare.com\/index.php\/wp-json\/wp\/v2\/types\/page"}],"author":[{"embeddable":true,"href":"https:\/\/bluemoonbodycare.com\/index.php\/wp-json\/wp\/v2\/users\/1"}],"replies":[{"embeddable":true,"href":"https:\/\/bluemoonbodycare.com\/index.php\/wp-json\/wp\/v2\/comments?post=2449"}],"version-history":[{"count":15,"href":"https:\/\/bluemoonbodycare.com\/index.php\/wp-json\/wp\/v2\/pages\/2449\/revisions"}],"predecessor-version":[{"id":3675,"href":"https:\/\/bluemoonbodycare.com\/index.php\/wp-json\/wp\/v2\/pages\/2449\/revisions\/3675"}],"wp:attachment":[{"href":"https:\/\/bluemoonbodycare.com\/index.php\/wp-json\/wp\/v2\/media?parent=2449"}],"curies":[{"name":"wp","href":"https:\/\/api.w.org\/{rel}","templated":true}]}}